{"id":55,"date":"2018-06-11T08:59:56","date_gmt":"2018-06-11T11:59:56","guid":{"rendered":"http:\/\/localhost\/grupoladeia\/?page_id=55"},"modified":"2018-09-13T15:57:48","modified_gmt":"2018-09-13T18:57:48","slug":"consciencia-ambiental","status":"publish","type":"page","link":"https:\/\/www.grupoladeia.com.br\/?page_id=55","title":{"rendered":"Consci\u00eancia Ambiental"},"content":{"rendered":"<p>O cuidado com o ambiente em que vivemos e com a sustentabilidade passa pelo correto descarte de res\u00edduos. De acordo com o mais recente Panorama dos Res\u00edduos S\u00f3lidos no Brasil, realizado pela Associa\u00e7\u00e3o Brasileira das Empresas de Limpeza P\u00fablica e Res\u00edduos Especiais (Abrelpe), o Brasil produz cerca de 80 toneladas de lixo por ano. S\u00e3o res\u00edduos domiciliares, resultantes dos servi\u00e7os de sa\u00fade, da constru\u00e7\u00e3o civil, ou mesmo, perigosos. Nesse cen\u00e1rio, as a\u00e7\u00f5es das empresas do Grupo Ladeia s\u00e3o voltadas para a garantia de que seja realizada a correta destina\u00e7\u00e3o desses res\u00edduos, causando o menor impacto agressivo poss\u00edvel ao ambiente e \u00e0s pessoas.<\/p>\n","protected":false},"excerpt":{"rendered":"<p>O cuidado com o ambiente em que vivemos e com a sustentabilidade passa pelo correto descarte de res\u00edduos. De acordo com o mais recente Panorama dos Res\u00edduos S\u00f3lidos no Brasil, realizado pela Associa\u00e7\u00e3o Brasileira das Empresas de Limpeza P\u00fablica e Res\u00edduos Especiais (Abrelpe), o Brasil produz cerca de 80 toneladas de lixo por ano. S\u00e3o res\u00edduos domiciliares, resultantes dos servi\u00e7os de sa\u00fade, da constru\u00e7\u00e3o civil, ou mesmo, perigosos. Nesse cen\u00e1rio, as a\u00e7\u00f5es das empresas do Grupo Ladeia s\u00e3o voltadas para a garantia de que seja realizada a correta destina\u00e7\u00e3o desses res\u00edduos, causando o menor impacto agressivo poss\u00edvel ao ambiente e \u00e0s pessoas.<\/p>\n","protected":false},"author":5,"featured_media":52,"parent":0,"menu_order":0,"comment_status":"closed","ping_status":"closed","template":"","meta":[],"_links":{"self":[{"href":"https:\/\/www.grupoladeia.com.br\/index.php?rest_route=\/wp\/v2\/pages\/55"}],"collection":[{"href":"https:\/\/www.grupoladeia.com.br\/index.php?rest_route=\/wp\/v2\/pages"}],"about":[{"href":"https:\/\/www.grupoladeia.com.br\/index.php?rest_route=\/wp\/v2\/types\/page"}],"author":[{"embeddable":true,"href":"https:\/\/www.grupoladeia.com.br\/index.php?rest_route=\/wp\/v2\/users\/5"}],"replies":[{"embeddable":true,"href":"https:\/\/www.grupoladeia.com.br\/index.php?rest_route=%2Fwp%2Fv2%2Fcomments&post=55"}],"version-history":[{"count":9,"href":"https:\/\/www.grupoladeia.com.br\/index.php?rest_route=\/wp\/v2\/pages\/55\/revisions"}],"predecessor-version":[{"id":80,"href":"https:\/\/www.grupoladeia.com.br\/index.php?rest_route=\/wp\/v2\/pages\/55\/revisions\/80"}],"wp:featuredmedia":[{"embeddable":true,"href":"https:\/\/www.grupoladeia.com.br\/index.php?rest_route=\/wp\/v2\/media\/52"}],"wp:attachment":[{"href":"https:\/\/www.grupoladeia.com.br\/index.php?rest_route=%2Fwp%2Fv2%2Fmedia&parent=55"}],"curies":[{"name":"wp","href":"https:\/\/api.w.org\/{rel}","templated":true}]}}