{"id":6,"date":"2018-06-07T10:47:27","date_gmt":"2018-06-07T13:47:27","guid":{"rendered":"http:\/\/localhost\/grupoladeia\/?page_id=6"},"modified":"2018-09-03T08:48:40","modified_gmt":"2018-09-03T11:48:40","slug":"a-empresa","status":"publish","type":"page","link":"https:\/\/www.grupoladeia.com.br\/?page_id=6","title":{"rendered":"A empresa"},"content":{"rendered":"<p><img loading=\"lazy\" class=\"size-full wp-image-180 alignleft\" src=\"http:\/\/www.grupoladeia.com.br\/wp-content\/uploads\/2018\/09\/a-empresa.png\" alt=\"\" width=\"400\" height=\"300\" srcset=\"https:\/\/www.grupoladeia.com.br\/wp-content\/uploads\/2018\/09\/a-empresa.png 400w, https:\/\/www.grupoladeia.com.br\/wp-content\/uploads\/2018\/09\/a-empresa-300x225.png 300w\" sizes=\"(max-width: 400px) 100vw, 400px\" \/>Com foco na inova\u00e7\u00e3o e o compromisso com a qualidade, transpar\u00eancia e respeito ao meio ambiente, o Grupo Ladeia tem se especializado na gest\u00e3o dos res\u00edduos, desenvolvendo atividades no sudoeste da Bahia e no norte de Minas Gerais h\u00e1 quase dez anos. Durante esse per\u00edodo, e a partir da crescente demanda por trabalhos prestados nas \u00e1reas de limpeza e transporte, o leque de servi\u00e7os urbanos do Grupo foi ampliado e diversificado.<\/p>\n<p>Atualmente, o Grupo Ladeia aglomera tr\u00eas empresas: Disk Entulho, Comlurb e Ladeia Transportes. Elas operam na coleta, transporte e incinera\u00e7\u00e3o de res\u00edduos de sa\u00fade, suc\u00e7\u00e3o de fossas s\u00e9pticas, aluguel de ca\u00e7ambas, remo\u00e7\u00e3o de lixo e gest\u00e3o de aterros. Essas atividades s\u00e3o realizadas em Vit\u00f3ria da Conquista por meio da utiliza\u00e7\u00e3o de modernos equipamentos que permitem tamb\u00e9m a presta\u00e7\u00e3o de servi\u00e7os para outros munic\u00edpios da regi\u00e3o.<\/p>\n<p>&nbsp;<\/p>\n<h3 style=\"text-align: left;\"><strong>Miss\u00e3o<\/strong><\/h3>\n<p>Oferecer servi\u00e7os de tratamento de res\u00edduos com responsabilidade ambiental e um atendimento de qualidade.<\/p>\n<p>&nbsp;<\/p>\n<h3><strong>Vis\u00e3o<\/strong><\/h3>\n<p>Ser refer\u00eancia em solu\u00e7\u00f5es ambientais voltadas para o tratamento de res\u00edduos no estado da Bahia at\u00e9 2022.<\/p>\n<p>&nbsp;<\/p>\n<h3><strong>Valores<\/strong><\/h3>\n<ul>\n<li>Excel\u00eancia de desempenho: estamos sempre em busca de melhorias e controle de resultados;<\/li>\n<li>Responsabilidade com o meio ambiente: buscamos constantemente a redu\u00e7\u00e3o de danos e revitaliza\u00e7\u00e3o nas comunidades em que atuamos;<\/li>\n<li>Foco nas pessoas: devemos estar atentos \u00e0s demandas do cliente e \u00e0 valoriza\u00e7\u00e3o dos nossos funcion\u00e1rios;<\/li>\n<li>Agilidade e qualidade no atendimento: buscamos o diferencial para melhor servir ao nosso cliente;<\/li>\n<li>Proatividade: somos abertos a novas ideias;<\/li>\n<li>Empreendedorismo: valorizamos a iniciativa individual de encontrar oportunidades e gerar resultados;<\/li>\n<li>Sucesso e destaque: trabalhamos para ser refer\u00eancia em nosso ramo de atividades, de maneira que a nossa marca seja associada aos conceitos de compromisso, qualidade e responsabilidade ambiental.<\/li>\n<\/ul>\n","protected":false},"excerpt":{"rendered":"<p>Com foco na inova\u00e7\u00e3o e o compromisso com a qualidade, transpar\u00eancia e respeito ao meio ambiente, o Grupo Ladeia tem se especializado na gest\u00e3o dos res\u00edduos, desenvolvendo atividades no sudoeste da Bahia e no norte de Minas Gerais h\u00e1 quase dez anos. Durante esse per\u00edodo, e a partir da crescente demanda por trabalhos prestados nas [&hellip;]<\/p>\n","protected":false},"author":5,"featured_media":0,"parent":0,"menu_order":0,"comment_status":"closed","ping_status":"closed","template":"","meta":[],"_links":{"self":[{"href":"https:\/\/www.grupoladeia.com.br\/index.php?rest_route=\/wp\/v2\/pages\/6"}],"collection":[{"href":"https:\/\/www.grupoladeia.com.br\/index.php?rest_route=\/wp\/v2\/pages"}],"about":[{"href":"https:\/\/www.grupoladeia.com.br\/index.php?rest_route=\/wp\/v2\/types\/page"}],"author":[{"embeddable":true,"href":"https:\/\/www.grupoladeia.com.br\/index.php?rest_route=\/wp\/v2\/users\/5"}],"replies":[{"embeddable":true,"href":"https:\/\/www.grupoladeia.com.br\/index.php?rest_route=%2Fwp%2Fv2%2Fcomments&post=6"}],"version-history":[{"count":15,"href":"https:\/\/www.grupoladeia.com.br\/index.php?rest_route=\/wp\/v2\/pages\/6\/revisions"}],"predecessor-version":[{"id":181,"href":"https:\/\/www.grupoladeia.com.br\/index.php?rest_route=\/wp\/v2\/pages\/6\/revisions\/181"}],"wp:attachment":[{"href":"https:\/\/www.grupoladeia.com.br\/index.php?rest_route=%2Fwp%2Fv2%2Fmedia&parent=6"}],"curies":[{"name":"wp","href":"https:\/\/api.w.org\/{rel}","templated":true}]}}